{"id":223,"date":"2017-05-02T15:45:10","date_gmt":"2017-05-02T13:45:10","guid":{"rendered":"http:\/\/fort-mahon-plage-collections.com\/?page_id=223"},"modified":"2020-05-05T00:24:10","modified_gmt":"2020-05-04T22:24:10","slug":"les-collections","status":"publish","type":"page","link":"https:\/\/fort-mahon-plage-collections.com\/index.php\/les-collections\/","title":{"rendered":"Pr\u00e9sentation de collections"},"content":{"rendered":"<p>Collectionneurs depuis longtemps, nous aimons partager notre passion. <span style=\"color: #333333;\">C&rsquo;est pourquoi nous vous pr\u00e9sentons ici, des collections diverses et vari\u00e9es.<\/span><\/p>\n<p><span style=\"color: #333333;\">Parmi celles-ci, vous trouverez \u00e9galement des collections sur le th\u00e8me de Fort-Mahon-Plage, qui vous permettront d&rsquo;\u00e9largir vos connaissances sur les objets r\u00e9alis\u00e9s \u00e0 l&rsquo;effigie de cette ville baln\u00e9aire tr\u00e8s aim\u00e9e&#8230;<\/span><\/p>\n<p><a href=\"http:\/\/fort-mahon-plage-collections.com\/index.php\/les-collections\/les-briquets-de-poilus-1914-1918\/\"><img loading=\"lazy\" decoding=\"async\" data-attachment-id=\"1129\" data-permalink=\"https:\/\/fort-mahon-plage-collections.com\/index.php\/les-collections\/les-briquets-de-poilus-1914-1918\/amadou-et-essence-douille-balle-valve-1\/\" data-orig-file=\"https:\/\/i0.wp.com\/fort-mahon-plage-collections.com\/wp-content\/uploads\/2020\/04\/Amadou-et-essence-douille-balle-valve-1-scaled.jpg?fit=1920%2C2560&amp;ssl=1\" data-orig-size=\"1920,2560\" data-comments-opened=\"0\" data-image-meta=\"{&quot;aperture&quot;:&quot;2.2&quot;,&quot;credit&quot;:&quot;&quot;,&quot;camera&quot;:&quot;iPhone 6&quot;,&quot;caption&quot;:&quot;&quot;,&quot;created_timestamp&quot;:&quot;1585241918&quot;,&quot;copyright&quot;:&quot;&quot;,&quot;focal_length&quot;:&quot;4.15&quot;,&quot;iso&quot;:&quot;125&quot;,&quot;shutter_speed&quot;:&quot;0.03030303030303&quot;,&quot;title&quot;:&quot;&quot;,&quot;orientation&quot;:&quot;1&quot;}\" data-image-title=\"Amadou et essence, douille, balle, valve 1\" data-image-description=\"\" data-image-caption=\"\" data-medium-file=\"https:\/\/i0.wp.com\/fort-mahon-plage-collections.com\/wp-content\/uploads\/2020\/04\/Amadou-et-essence-douille-balle-valve-1-scaled.jpg?fit=225%2C300&amp;ssl=1\" data-large-file=\"https:\/\/i0.wp.com\/fort-mahon-plage-collections.com\/wp-content\/uploads\/2020\/04\/Amadou-et-essence-douille-balle-valve-1-scaled.jpg?fit=768%2C1024&amp;ssl=1\" class=\"alignnone wp-image-1129\" src=\"https:\/\/i0.wp.com\/fort-mahon-plage-collections.com\/wp-content\/uploads\/2020\/04\/Amadou-et-essence-douille-balle-valve-1.jpg?resize=75%2C100\" alt=\"briquet de poilu\" width=\"75\" height=\"100\" srcset=\"https:\/\/i0.wp.com\/fort-mahon-plage-collections.com\/wp-content\/uploads\/2020\/04\/Amadou-et-essence-douille-balle-valve-1-scaled.jpg?resize=225%2C300&amp;ssl=1 225w, https:\/\/i0.wp.com\/fort-mahon-plage-collections.com\/wp-content\/uploads\/2020\/04\/Amadou-et-essence-douille-balle-valve-1-scaled.jpg?resize=768%2C1024&amp;ssl=1 768w, https:\/\/i0.wp.com\/fort-mahon-plage-collections.com\/wp-content\/uploads\/2020\/04\/Amadou-et-essence-douille-balle-valve-1-scaled.jpg?resize=1152%2C1536&amp;ssl=1 1152w, https:\/\/i0.wp.com\/fort-mahon-plage-collections.com\/wp-content\/uploads\/2020\/04\/Amadou-et-essence-douille-balle-valve-1-scaled.jpg?resize=1536%2C2048&amp;ssl=1 1536w, https:\/\/i0.wp.com\/fort-mahon-plage-collections.com\/wp-content\/uploads\/2020\/04\/Amadou-et-essence-douille-balle-valve-1-scaled.jpg?w=1920&amp;ssl=1 1920w, https:\/\/i0.wp.com\/fort-mahon-plage-collections.com\/wp-content\/uploads\/2020\/04\/Amadou-et-essence-douille-balle-valve-1-scaled.jpg?w=1600 1600w\" sizes=\"(max-width: 75px) 100vw, 75px\" data-recalc-dims=\"1\" \/><\/a> &nbsp;&nbsp; &nbsp;&nbsp; &nbsp; <a href=\"http:\/\/fort-mahon-plage-collections.com\/index.php\/les-collections\/les-dauphins-et-les-des-a-coudre\/\"><img loading=\"lazy\" decoding=\"async\" data-attachment-id=\"1397\" data-permalink=\"https:\/\/fort-mahon-plage-collections.com\/index.php\/les-collections\/20200413_173729\/\" data-orig-file=\"https:\/\/i0.wp.com\/fort-mahon-plage-collections.com\/wp-content\/uploads\/2020\/04\/20200413_173729-scaled.jpg?fit=1920%2C2560&amp;ssl=1\" data-orig-size=\"1920,2560\" data-comments-opened=\"0\" data-image-meta=\"{&quot;aperture&quot;:&quot;1.9&quot;,&quot;credit&quot;:&quot;&quot;,&quot;camera&quot;:&quot;SM-J510FN&quot;,&quot;caption&quot;:&quot;&quot;,&quot;created_timestamp&quot;:&quot;1586799449&quot;,&quot;copyright&quot;:&quot;&quot;,&quot;focal_length&quot;:&quot;3.7&quot;,&quot;iso&quot;:&quot;160&quot;,&quot;shutter_speed&quot;:&quot;0.03030303030303&quot;,&quot;title&quot;:&quot;&quot;,&quot;orientation&quot;:&quot;1&quot;}\" data-image-title=\"20200413_173729\" data-image-description=\"\" data-image-caption=\"\" data-medium-file=\"https:\/\/i0.wp.com\/fort-mahon-plage-collections.com\/wp-content\/uploads\/2020\/04\/20200413_173729-scaled.jpg?fit=225%2C300&amp;ssl=1\" data-large-file=\"https:\/\/i0.wp.com\/fort-mahon-plage-collections.com\/wp-content\/uploads\/2020\/04\/20200413_173729-scaled.jpg?fit=768%2C1024&amp;ssl=1\" class=\"alignnone wp-image-1397\" src=\"https:\/\/i0.wp.com\/fort-mahon-plage-collections.com\/wp-content\/uploads\/2020\/04\/20200413_173729.jpg?resize=75%2C100\" alt=\"\" width=\"75\" height=\"100\" srcset=\"https:\/\/i0.wp.com\/fort-mahon-plage-collections.com\/wp-content\/uploads\/2020\/04\/20200413_173729-scaled.jpg?resize=225%2C300&amp;ssl=1 225w, https:\/\/i0.wp.com\/fort-mahon-plage-collections.com\/wp-content\/uploads\/2020\/04\/20200413_173729-scaled.jpg?resize=768%2C1024&amp;ssl=1 768w, https:\/\/i0.wp.com\/fort-mahon-plage-collections.com\/wp-content\/uploads\/2020\/04\/20200413_173729-scaled.jpg?resize=1152%2C1536&amp;ssl=1 1152w, https:\/\/i0.wp.com\/fort-mahon-plage-collections.com\/wp-content\/uploads\/2020\/04\/20200413_173729-scaled.jpg?resize=1536%2C2048&amp;ssl=1 1536w, https:\/\/i0.wp.com\/fort-mahon-plage-collections.com\/wp-content\/uploads\/2020\/04\/20200413_173729-scaled.jpg?w=1920&amp;ssl=1 1920w, https:\/\/i0.wp.com\/fort-mahon-plage-collections.com\/wp-content\/uploads\/2020\/04\/20200413_173729-scaled.jpg?w=1600 1600w\" sizes=\"(max-width: 75px) 100vw, 75px\" data-recalc-dims=\"1\" \/><\/a> &nbsp;&nbsp;&nbsp;&nbsp;&nbsp;&nbsp;&nbsp; <a href=\"http:\/\/fort-mahon-plage-collections.com\/index.php\/les-collections\/ma-page\/\"><img loading=\"lazy\" decoding=\"async\" data-attachment-id=\"62\" data-permalink=\"https:\/\/fort-mahon-plage-collections.com\/index.php\/les-collections\/ma-page\/20170227_112639\/\" data-orig-file=\"https:\/\/i0.wp.com\/fort-mahon-plage-collections.com\/wp-content\/uploads\/2017\/03\/20170227_112639-e1492027002388.jpg?fit=3096%2C4128&amp;ssl=1\" data-orig-size=\"3096,4128\" data-comments-opened=\"1\" data-image-meta=\"{&quot;aperture&quot;:&quot;1.9&quot;,&quot;credit&quot;:&quot;&quot;,&quot;camera&quot;:&quot;SM-J510FN&quot;,&quot;caption&quot;:&quot;&quot;,&quot;created_timestamp&quot;:&quot;1488194799&quot;,&quot;copyright&quot;:&quot;&quot;,&quot;focal_length&quot;:&quot;3.7&quot;,&quot;iso&quot;:&quot;160&quot;,&quot;shutter_speed&quot;:&quot;0.058823529411765&quot;,&quot;title&quot;:&quot;&quot;,&quot;orientation&quot;:&quot;6&quot;}\" data-image-title=\"20170227_112639\" data-image-description=\"\" data-image-caption=\"\" data-medium-file=\"https:\/\/i0.wp.com\/fort-mahon-plage-collections.com\/wp-content\/uploads\/2017\/03\/20170227_112639-e1492027002388.jpg?fit=225%2C300&amp;ssl=1\" data-large-file=\"https:\/\/i0.wp.com\/fort-mahon-plage-collections.com\/wp-content\/uploads\/2017\/03\/20170227_112639-e1492027002388.jpg?fit=768%2C1024&amp;ssl=1\" class=\"alignnone wp-image-62\" src=\"https:\/\/i0.wp.com\/fort-mahon-plage-collections.com\/wp-content\/uploads\/2017\/03\/20170227_112639-e1492027002388-225x300.jpg?resize=75%2C100\" alt=\"\" width=\"75\" height=\"100\" srcset=\"https:\/\/i0.wp.com\/fort-mahon-plage-collections.com\/wp-content\/uploads\/2017\/03\/20170227_112639-e1492027002388.jpg?resize=225%2C300&amp;ssl=1 225w, https:\/\/i0.wp.com\/fort-mahon-plage-collections.com\/wp-content\/uploads\/2017\/03\/20170227_112639-e1492027002388.jpg?resize=768%2C1024&amp;ssl=1 768w, https:\/\/i0.wp.com\/fort-mahon-plage-collections.com\/wp-content\/uploads\/2017\/03\/20170227_112639-e1492027002388.jpg?w=1600 1600w, https:\/\/i0.wp.com\/fort-mahon-plage-collections.com\/wp-content\/uploads\/2017\/03\/20170227_112639-e1492027002388.jpg?w=2400 2400w\" sizes=\"(max-width: 75px) 100vw, 75px\" data-recalc-dims=\"1\" \/><\/a> &nbsp;&nbsp; &nbsp;&nbsp; &nbsp; <a href=\"http:\/\/fort-mahon-plage-collections.com\/index.php\/les-collections\/les-pins\/\"><img loading=\"lazy\" decoding=\"async\" data-attachment-id=\"179\" data-permalink=\"https:\/\/fort-mahon-plage-collections.com\/index.php\/les-collections\/les-pins\/20170330_133556\/\" data-orig-file=\"https:\/\/i0.wp.com\/fort-mahon-plage-collections.com\/wp-content\/uploads\/2017\/04\/20170330_133556-e1492113307924.jpg?fit=3096%2C4128&amp;ssl=1\" data-orig-size=\"3096,4128\" data-comments-opened=\"1\" data-image-meta=\"{&quot;aperture&quot;:&quot;1.9&quot;,&quot;credit&quot;:&quot;&quot;,&quot;camera&quot;:&quot;SM-J510FN&quot;,&quot;caption&quot;:&quot;&quot;,&quot;created_timestamp&quot;:&quot;1490880956&quot;,&quot;copyright&quot;:&quot;&quot;,&quot;focal_length&quot;:&quot;3.7&quot;,&quot;iso&quot;:&quot;125&quot;,&quot;shutter_speed&quot;:&quot;0.01&quot;,&quot;title&quot;:&quot;&quot;,&quot;orientation&quot;:&quot;6&quot;}\" data-image-title=\"20170330_133556\" data-image-description=\"\" data-image-caption=\"\" data-medium-file=\"https:\/\/i0.wp.com\/fort-mahon-plage-collections.com\/wp-content\/uploads\/2017\/04\/20170330_133556-e1492113307924.jpg?fit=225%2C300&amp;ssl=1\" data-large-file=\"https:\/\/i0.wp.com\/fort-mahon-plage-collections.com\/wp-content\/uploads\/2017\/04\/20170330_133556-e1492113307924.jpg?fit=768%2C1024&amp;ssl=1\" class=\"alignnone wp-image-179\" src=\"https:\/\/i0.wp.com\/fort-mahon-plage-collections.com\/wp-content\/uploads\/2017\/04\/20170330_133556-e1492113307924-225x300.jpg?resize=75%2C100\" alt=\"\" width=\"75\" height=\"100\" srcset=\"https:\/\/i0.wp.com\/fort-mahon-plage-collections.com\/wp-content\/uploads\/2017\/04\/20170330_133556-e1492113307924.jpg?resize=225%2C300&amp;ssl=1 225w, https:\/\/i0.wp.com\/fort-mahon-plage-collections.com\/wp-content\/uploads\/2017\/04\/20170330_133556-e1492113307924.jpg?resize=768%2C1024&amp;ssl=1 768w, https:\/\/i0.wp.com\/fort-mahon-plage-collections.com\/wp-content\/uploads\/2017\/04\/20170330_133556-e1492113307924.jpg?w=1600 1600w, https:\/\/i0.wp.com\/fort-mahon-plage-collections.com\/wp-content\/uploads\/2017\/04\/20170330_133556-e1492113307924.jpg?w=2400 2400w\" sizes=\"(max-width: 75px) 100vw, 75px\" data-recalc-dims=\"1\" \/>&nbsp;<\/a><a href=\"http:\/\/fort-mahon-plage-collections.com\/index.php\/les-collections\/les-briquets-de-poilus-1914-1918\/\">&nbsp; &nbsp; &nbsp; &nbsp;&nbsp;<\/a><a href=\"http:\/\/fort-mahon-plage-collections.com\/index.php\/les-collections\/les-medailles\/\" rel=\"http:\/\/fort-mahon-plage-collections.com\/index.php\/les-collections\/ma-page\/ \u200e\"><img loading=\"lazy\" decoding=\"async\" data-attachment-id=\"189\" data-permalink=\"https:\/\/fort-mahon-plage-collections.com\/index.php\/les-collections\/les-medailles\/20170414_092502\/\" data-orig-file=\"https:\/\/i0.wp.com\/fort-mahon-plage-collections.com\/wp-content\/uploads\/2017\/04\/20170414_092502-e1492159286642.jpg?fit=3096%2C4128&amp;ssl=1\" data-orig-size=\"3096,4128\" data-comments-opened=\"1\" data-image-meta=\"{&quot;aperture&quot;:&quot;1.9&quot;,&quot;credit&quot;:&quot;&quot;,&quot;camera&quot;:&quot;SM-J510FN&quot;,&quot;caption&quot;:&quot;&quot;,&quot;created_timestamp&quot;:&quot;1492161902&quot;,&quot;copyright&quot;:&quot;&quot;,&quot;focal_length&quot;:&quot;3.7&quot;,&quot;iso&quot;:&quot;160&quot;,&quot;shutter_speed&quot;:&quot;0.03030303030303&quot;,&quot;title&quot;:&quot;&quot;,&quot;orientation&quot;:&quot;6&quot;}\" data-image-title=\"20170414_092502\" data-image-description=\"\" data-image-caption=\"\" data-medium-file=\"https:\/\/i0.wp.com\/fort-mahon-plage-collections.com\/wp-content\/uploads\/2017\/04\/20170414_092502-e1492159286642.jpg?fit=225%2C300&amp;ssl=1\" data-large-file=\"https:\/\/i0.wp.com\/fort-mahon-plage-collections.com\/wp-content\/uploads\/2017\/04\/20170414_092502-e1492159286642.jpg?fit=768%2C1024&amp;ssl=1\" class=\"alignnone wp-image-189\" src=\"https:\/\/i0.wp.com\/fort-mahon-plage-collections.com\/wp-content\/uploads\/2017\/04\/20170414_092502-e1492159286642-225x300.jpg?resize=75%2C100\" alt=\"\" width=\"75\" height=\"100\" srcset=\"https:\/\/i0.wp.com\/fort-mahon-plage-collections.com\/wp-content\/uploads\/2017\/04\/20170414_092502-e1492159286642.jpg?resize=225%2C300&amp;ssl=1 225w, https:\/\/i0.wp.com\/fort-mahon-plage-collections.com\/wp-content\/uploads\/2017\/04\/20170414_092502-e1492159286642.jpg?resize=768%2C1024&amp;ssl=1 768w, https:\/\/i0.wp.com\/fort-mahon-plage-collections.com\/wp-content\/uploads\/2017\/04\/20170414_092502-e1492159286642.jpg?w=1600 1600w, https:\/\/i0.wp.com\/fort-mahon-plage-collections.com\/wp-content\/uploads\/2017\/04\/20170414_092502-e1492159286642.jpg?w=2400 2400w\" sizes=\"(max-width: 75px) 100vw, 75px\" data-recalc-dims=\"1\" \/><\/a><\/p>\n<p><span style=\"color: #333333;\">Vous poss\u00e9dez des D\u00e9s \u00e0 coudre, Pin&rsquo;s, M\u00e9dailles ou autres objets sur Fort-Mahon-Plage, ou tout simplement d&rsquo;autres th\u00e8mes de collections, alors n&rsquo;h\u00e9sitez pas \u00e0 nous les pr\u00e9senter, et nos collections prendront une autre dimension&#8230;<\/span><em><strong><br \/>\n<\/strong><\/em><\/p>\n<p>Ce site est pour vous&#8230;&nbsp; Qu&rsquo;il vous emm\u00e8ne en voyage et vous permette de faire des trouvailles&#8230;<\/p>\n","protected":false},"excerpt":{"rendered":"<p>Collectionneurs depuis longtemps, nous aimons partager notre passion. C&rsquo;est pourquoi nous vous pr\u00e9sentons ici, des collections diverses et vari\u00e9es. Parmi<\/p>\n","protected":false},"author":1,"featured_media":0,"parent":0,"menu_order":2,"comment_status":"closed","ping_status":"closed","template":"","meta":{"ngg_post_thumbnail":0,"spay_email":"","footnotes":""},"jetpack_sharing_enabled":true,"jetpack_shortlink":"https:\/\/wp.me\/P92IHw-3B","jetpack-related-posts":[{"id":1024,"url":"https:\/\/fort-mahon-plage-collections.com\/index.php\/acceui-2\/","url_meta":{"origin":223,"position":0},"title":"L&rsquo; association","date":"28 mars 2020","format":false,"excerpt":"\u00a0 L' association rassemble des collectionneurs, quel que soit le th\u00e8me de leur collection, tel que :\u00a0 les d\u00e8s \u00e0 coudre, les cartes postales, les briquets de poilu, les revues, les insignes de Transmission, les muselets\u2026\u00a0 L\u2019association a pour but de : Favoriser les rencontres entre collectionneurs.Leur permettre de r\u00e9aliser\u2026","rel":"","context":"Article similaire","img":{"alt_text":"","src":"https:\/\/i0.wp.com\/fort-mahon-plage-collections.com\/wp-content\/uploads\/2020\/03\/Image-pr\u00e9sentation-association-3.jpg?resize=350%2C200&ssl=1","width":350,"height":200},"classes":[]},{"id":1260,"url":"https:\/\/fort-mahon-plage-collections.com\/","url_meta":{"origin":223,"position":1},"title":"Accueil","date":"3 avril 2020","format":false,"excerpt":"\u00a0 \u00a0 Bienvenue sur le site de Fort-Mahon-Plage-Collections !.. Ce site vous permettra de d\u00e9couvrir\u00a0 l 'Association\u00a0 et des collections,\u00a0 pr\u00e9sent\u00e9es par ses adh\u00e9rents, mais \u00e9galement de suivre nos actualit\u00e9s. \u00a0 Qu\u2019il vous emm\u00e8ne en voyage et vous permette de faire des trouvailles\u2026","rel":"","context":"Article similaire","img":{"alt_text":"","src":"https:\/\/i0.wp.com\/fort-mahon-plage-collections.com\/wp-content\/uploads\/2020\/04\/Image-Petit-Fortmahonnais-2-225x300.jpg?resize=350%2C200","width":350,"height":200},"classes":[]},{"id":150,"url":"https:\/\/fort-mahon-plage-collections.com\/index.php\/les-collections\/les-pins\/","url_meta":{"origin":223,"position":2},"title":"Les Pin&rsquo;s de Fort-Mahon-Plage","date":"13 avril 2017","format":false,"excerpt":"Un pin's, ou une \u00e9pinglette, est un petit insigne ( souvent m\u00e9tallique ) qui se fixe sur un v\u00eatement, \u00e0 l\u2019aide d\u2019un pic qui traverse le tissu et est bloqu\u00e9 \u00e0 l\u2019arri\u00e8re par un \u00ab papillon \u00bb.\u00a0Il servait de communication aux grandes soci\u00e9t\u00e9s, m\u00e9dias, commerces, associations, etc\u2026 et devint tr\u00e8s\u2026","rel":"","context":"Article similaire","img":{"alt_text":"","src":"","width":0,"height":0},"classes":[]},{"id":105,"url":"https:\/\/fort-mahon-plage-collections.com\/index.php\/les-collections\/ma-page\/","url_meta":{"origin":223,"position":3},"title":"Les D\u00e9s \u00e0 coudre de Fort-Mahon-Plage","date":"8 avril 2017","format":false,"excerpt":"\u00a0Depuis des d\u00e9cennies, Fort-Mahon-Plage, ville tr\u00e8s touristique, a vu de nombreux cadeaux souvenirs se r\u00e9aliser. Voici les D\u00e9s \u00e0 coudre de Fort-Mahon-Plage que nous avons recens\u00e9s \u00e0 ce jour : \u00a0 \u00a0\u00a0\u00a0\u00a0\u00a0\u00a0\u00a0\u00a0\u00a0 \u00a0\u00a0\u00a0\u00a0\u00a0\u00a0\u00a0\u00a0\u00a0 \u00a0\u00a0\u00a0\u00a0\u00a0\u00a0\u00a0\u00a0\u00a0 \u00a0\u00a0\u00a0\u00a0\u00a0\u00a0\u00a0\u00a0\u00a0 \u00a0\u00a0\u00a0\u00a0\u00a0\u00a0\u00a0\u00a0\u00a0 \u00a0\u00a0\u00a0\u00a0\u00a0\u00a0\u00a0\u00a0\u00a0 \u00a0\u00a0\u00a0\u00a0\u00a0\u00a0\u00a0\u00a0\u00a0 \u00a0\u00a0\u00a0\u00a0\u00a0\u00a0\u00a0\u00a0\u00a0 \u00a0\u00a0\u00a0\u00a0\u00a0\u00a0\u00a0\u00a0\u00a0 \u00a0\u00a0\u00a0\u00a0\u00a0\u00a0\u00a0\u00a0\u00a0 \u00a0\u00a0\u00a0\u00a0\u00a0\u00a0\u00a0\u00a0\u00a0 \u00a0\u00a0\u00a0\u00a0\u00a0\u00a0\u00a0\u00a0\u00a0 \u00a0\u00a0\u00a0\u00a0\u00a0\u00a0\u00a0\u00a0\u00a0 \u00a0 \u00a0\u00a0\u00a0 \u00a0\u00a0\u00a0 \u00a0\u00a0\u00a0 \u00a0 \u00a0\u2026","rel":"","context":"Article similaire","img":{"alt_text":"","src":"","width":0,"height":0},"classes":[]},{"id":1323,"url":"https:\/\/fort-mahon-plage-collections.com\/index.php\/les-collections\/les-dauphins-et-les-des-a-coudre\/","url_meta":{"origin":223,"position":4},"title":"Les D\u00e9s \u00e0 coudre&#8230;","date":"29 avril 2020","format":false,"excerpt":"Le d\u00e9 \u00e0 coudre, outil de couture de forme cylindrique, qui prot\u00e8ge le doigt lors de la pouss\u00e9e de l\u2019aiguille dans un tissu, peut \u00eatre de mati\u00e8re tr\u00e8s vari\u00e9e : m\u00e9talliques (bronze, argent, or, cuivre, laiton), en porcelaine, en bak\u00e9lite, en ivoire, etc\u2026 Il est apparu 5 000 ans avant\u2026","rel":"","context":"Article similaire","img":{"alt_text":"","src":"https:\/\/i0.wp.com\/fort-mahon-plage-collections.com\/wp-content\/uploads\/2020\/04\/20200413_180227-scaled.jpg?resize=350%2C200&ssl=1","width":350,"height":200},"classes":[]},{"id":182,"url":"https:\/\/fort-mahon-plage-collections.com\/index.php\/les-collections\/les-medailles\/","url_meta":{"origin":223,"position":5},"title":"Les M\u00e9dailles de Fort-Mahon-Plage","date":"13 avril 2017","format":false,"excerpt":"\u00a0Depuis des d\u00e9cennies, Fort-Mahon-Plage, ville tr\u00e8s touristique, a vu de nombreux cadeaux souvenirs se r\u00e9aliser. Les M\u00e9dailles, objets plus r\u00e9cents,\u00a0 en font partie et voici quelques mod\u00e8les \u00e0 l'effigie de Fort-Mahon-Plage . Dans les m\u00e9dailles touristiques, elles sont souvent de couleur '' or '' et mesurent 34mm de diam\u00e8tre. En\u2026","rel":"","context":"Article similaire","img":{"alt_text":"","src":"https:\/\/i0.wp.com\/fort-mahon-plage-collections.com\/wp-content\/uploads\/2020\/06\/20200529_130525-scaled.jpg?resize=350%2C200&ssl=1","width":350,"height":200},"classes":[]}],"_links":{"self":[{"href":"https:\/\/fort-mahon-plage-collections.com\/index.php\/wp-json\/wp\/v2\/pages\/223"}],"collection":[{"href":"https:\/\/fort-mahon-plage-collections.com\/index.php\/wp-json\/wp\/v2\/pages"}],"about":[{"href":"https:\/\/fort-mahon-plage-collections.com\/index.php\/wp-json\/wp\/v2\/types\/page"}],"author":[{"embeddable":true,"href":"https:\/\/fort-mahon-plage-collections.com\/index.php\/wp-json\/wp\/v2\/users\/1"}],"replies":[{"embeddable":true,"href":"https:\/\/fort-mahon-plage-collections.com\/index.php\/wp-json\/wp\/v2\/comments?post=223"}],"version-history":[{"count":25,"href":"https:\/\/fort-mahon-plage-collections.com\/index.php\/wp-json\/wp\/v2\/pages\/223\/revisions"}],"predecessor-version":[{"id":1562,"href":"https:\/\/fort-mahon-plage-collections.com\/index.php\/wp-json\/wp\/v2\/pages\/223\/revisions\/1562"}],"wp:attachment":[{"href":"https:\/\/fort-mahon-plage-collections.com\/index.php\/wp-json\/wp\/v2\/media?parent=223"}],"curies":[{"name":"wp","href":"https:\/\/api.w.org\/{rel}","templated":true}]}}