{"id":1260,"date":"2020-04-03T19:55:09","date_gmt":"2020-04-03T17:55:09","guid":{"rendered":"http:\/\/fort-mahon-plage-collections.com\/?page_id=1260"},"modified":"2020-05-06T15:21:08","modified_gmt":"2020-05-06T13:21:08","slug":"acceuil","status":"publish","type":"page","link":"https:\/\/fort-mahon-plage-collections.com\/","title":{"rendered":"Accueil"},"content":{"rendered":"<p style=\"text-align: center;\"><img loading=\"lazy\" decoding=\"async\" data-attachment-id=\"1272\" data-permalink=\"https:\/\/fort-mahon-plage-collections.com\/index.php\/acceuil\/image-petit-fortmahonnais-2\/\" data-orig-file=\"https:\/\/i0.wp.com\/fort-mahon-plage-collections.com\/wp-content\/uploads\/2020\/04\/Image-Petit-Fortmahonnais-2.jpg?fit=550%2C733&amp;ssl=1\" data-orig-size=\"550,733\" data-comments-opened=\"0\" data-image-meta=\"{&quot;aperture&quot;:&quot;0&quot;,&quot;credit&quot;:&quot;&quot;,&quot;camera&quot;:&quot;&quot;,&quot;caption&quot;:&quot;&quot;,&quot;created_timestamp&quot;:&quot;0&quot;,&quot;copyright&quot;:&quot;&quot;,&quot;focal_length&quot;:&quot;0&quot;,&quot;iso&quot;:&quot;0&quot;,&quot;shutter_speed&quot;:&quot;0&quot;,&quot;title&quot;:&quot;&quot;,&quot;orientation&quot;:&quot;0&quot;}\" data-image-title=\"Image Petit Fortmahonnais 2\" data-image-description=\"\" data-image-caption=\"\" data-medium-file=\"https:\/\/i0.wp.com\/fort-mahon-plage-collections.com\/wp-content\/uploads\/2020\/04\/Image-Petit-Fortmahonnais-2.jpg?fit=225%2C300&amp;ssl=1\" data-large-file=\"https:\/\/i0.wp.com\/fort-mahon-plage-collections.com\/wp-content\/uploads\/2020\/04\/Image-Petit-Fortmahonnais-2.jpg?fit=550%2C733&amp;ssl=1\" class=\"alignleft wp-image-1272\" src=\"https:\/\/i0.wp.com\/fort-mahon-plage-collections.com\/wp-content\/uploads\/2020\/04\/Image-Petit-Fortmahonnais-2.jpg?resize=211%2C281\" alt=\"\" width=\"211\" height=\"281\" srcset=\"https:\/\/i0.wp.com\/fort-mahon-plage-collections.com\/wp-content\/uploads\/2020\/04\/Image-Petit-Fortmahonnais-2.jpg?resize=225%2C300&amp;ssl=1 225w, https:\/\/i0.wp.com\/fort-mahon-plage-collections.com\/wp-content\/uploads\/2020\/04\/Image-Petit-Fortmahonnais-2.jpg?w=550&amp;ssl=1 550w\" sizes=\"(max-width: 211px) 100vw, 211px\" data-recalc-dims=\"1\" \/><\/p>\n<p>&nbsp;<\/p>\n<h6>&nbsp;<\/h6>\n<h6><span style=\"color: #3366ff;\"><em><strong data-rich-text-format-boundary=\"true\">Bienvenue sur le site de Fort-Mahon-Plage-Collections !..<\/strong><\/em><\/span><\/h6>\n<p>Ce site vous permettra de d\u00e9couvrir&nbsp; <span style=\"color: #0000ff;\"><a style=\"color: #0000ff;\" href=\"http:\/\/fort-mahon-plage-collections.com\/index.php\/acceui-2\/\">l &lsquo;Association<\/a><\/span>&nbsp; et des <span style=\"color: #0000ff;\"><a style=\"color: #0000ff;\" href=\"http:\/\/fort-mahon-plage-collections.com\/index.php\/les-collections\/\">collections,<\/a><\/span>&nbsp; pr\u00e9sent\u00e9es par ses adh\u00e9rents, mais \u00e9galement de suivre nos actualit\u00e9s.<\/p>\n<p>&nbsp; Qu\u2019il vous emm\u00e8ne en voyage et vous permette de faire des trouvailles\u2026<\/p>\n\n\n<p><\/p>\n","protected":false},"excerpt":{"rendered":"<p>&nbsp; &nbsp; Bienvenue sur le site de Fort-Mahon-Plage-Collections !.. Ce site vous permettra de d\u00e9couvrir&nbsp; l &lsquo;Association&nbsp; et des collections,&nbsp;<\/p>\n","protected":false},"author":1,"featured_media":0,"parent":0,"menu_order":0,"comment_status":"closed","ping_status":"closed","template":"","meta":{"ngg_post_thumbnail":0,"spay_email":"","footnotes":""},"jetpack_sharing_enabled":true,"jetpack_shortlink":"https:\/\/wp.me\/P92IHw-kk","jetpack-related-posts":[{"id":223,"url":"https:\/\/fort-mahon-plage-collections.com\/index.php\/les-collections\/","url_meta":{"origin":1260,"position":0},"title":"Pr\u00e9sentation de collections","date":"2 mai 2017","format":false,"excerpt":"Collectionneurs depuis longtemps, nous aimons partager notre passion. C'est pourquoi nous vous pr\u00e9sentons ici, des collections diverses et vari\u00e9es. Parmi celles-ci, vous trouverez \u00e9galement des collections sur le th\u00e8me de Fort-Mahon-Plage, qui vous permettront d'\u00e9largir vos connaissances sur les objets r\u00e9alis\u00e9s \u00e0 l'effigie de cette ville baln\u00e9aire tr\u00e8s aim\u00e9e... \u00a0\u00a0\u2026","rel":"","context":"Article similaire","img":{"alt_text":"","src":"","width":0,"height":0},"classes":[]},{"id":1024,"url":"https:\/\/fort-mahon-plage-collections.com\/index.php\/acceui-2\/","url_meta":{"origin":1260,"position":1},"title":"L&rsquo; association","date":"28 mars 2020","format":false,"excerpt":"\u00a0 L' association rassemble des collectionneurs, quel que soit le th\u00e8me de leur collection, tel que :\u00a0 les d\u00e8s \u00e0 coudre, les cartes postales, les briquets de poilu, les revues, les insignes de Transmission, les muselets\u2026\u00a0 L\u2019association a pour but de : Favoriser les rencontres entre collectionneurs.Leur permettre de r\u00e9aliser\u2026","rel":"","context":"Article similaire","img":{"alt_text":"","src":"https:\/\/i0.wp.com\/fort-mahon-plage-collections.com\/wp-content\/uploads\/2020\/03\/Image-pr\u00e9sentation-association-3.jpg?resize=350%2C200&ssl=1","width":350,"height":200},"classes":[]},{"id":150,"url":"https:\/\/fort-mahon-plage-collections.com\/index.php\/les-collections\/les-pins\/","url_meta":{"origin":1260,"position":2},"title":"Les Pin&rsquo;s de Fort-Mahon-Plage","date":"13 avril 2017","format":false,"excerpt":"Un pin's, ou une \u00e9pinglette, est un petit insigne ( souvent m\u00e9tallique ) qui se fixe sur un v\u00eatement, \u00e0 l\u2019aide d\u2019un pic qui traverse le tissu et est bloqu\u00e9 \u00e0 l\u2019arri\u00e8re par un \u00ab papillon \u00bb.\u00a0Il servait de communication aux grandes soci\u00e9t\u00e9s, m\u00e9dias, commerces, associations, etc\u2026 et devint tr\u00e8s\u2026","rel":"","context":"Article similaire","img":{"alt_text":"","src":"","width":0,"height":0},"classes":[]},{"id":105,"url":"https:\/\/fort-mahon-plage-collections.com\/index.php\/les-collections\/ma-page\/","url_meta":{"origin":1260,"position":3},"title":"Les D\u00e9s \u00e0 coudre de Fort-Mahon-Plage","date":"8 avril 2017","format":false,"excerpt":"\u00a0Depuis des d\u00e9cennies, Fort-Mahon-Plage, ville tr\u00e8s touristique, a vu de nombreux cadeaux souvenirs se r\u00e9aliser. Voici les D\u00e9s \u00e0 coudre de Fort-Mahon-Plage que nous avons recens\u00e9s \u00e0 ce jour : \u00a0 \u00a0\u00a0\u00a0\u00a0\u00a0\u00a0\u00a0\u00a0\u00a0 \u00a0\u00a0\u00a0\u00a0\u00a0\u00a0\u00a0\u00a0\u00a0 \u00a0\u00a0\u00a0\u00a0\u00a0\u00a0\u00a0\u00a0\u00a0 \u00a0\u00a0\u00a0\u00a0\u00a0\u00a0\u00a0\u00a0\u00a0 \u00a0\u00a0\u00a0\u00a0\u00a0\u00a0\u00a0\u00a0\u00a0 \u00a0\u00a0\u00a0\u00a0\u00a0\u00a0\u00a0\u00a0\u00a0 \u00a0\u00a0\u00a0\u00a0\u00a0\u00a0\u00a0\u00a0\u00a0 \u00a0\u00a0\u00a0\u00a0\u00a0\u00a0\u00a0\u00a0\u00a0 \u00a0\u00a0\u00a0\u00a0\u00a0\u00a0\u00a0\u00a0\u00a0 \u00a0\u00a0\u00a0\u00a0\u00a0\u00a0\u00a0\u00a0\u00a0 \u00a0\u00a0\u00a0\u00a0\u00a0\u00a0\u00a0\u00a0\u00a0 \u00a0\u00a0\u00a0\u00a0\u00a0\u00a0\u00a0\u00a0\u00a0 \u00a0\u00a0\u00a0\u00a0\u00a0\u00a0\u00a0\u00a0\u00a0 \u00a0 \u00a0\u00a0\u00a0 \u00a0\u00a0\u00a0 \u00a0\u00a0\u00a0 \u00a0 \u00a0\u2026","rel":"","context":"Article similaire","img":{"alt_text":"","src":"","width":0,"height":0},"classes":[]},{"id":1323,"url":"https:\/\/fort-mahon-plage-collections.com\/index.php\/les-collections\/les-dauphins-et-les-des-a-coudre\/","url_meta":{"origin":1260,"position":4},"title":"Les D\u00e9s \u00e0 coudre&#8230;","date":"29 avril 2020","format":false,"excerpt":"Le d\u00e9 \u00e0 coudre, outil de couture de forme cylindrique, qui prot\u00e8ge le doigt lors de la pouss\u00e9e de l\u2019aiguille dans un tissu, peut \u00eatre de mati\u00e8re tr\u00e8s vari\u00e9e : m\u00e9talliques (bronze, argent, or, cuivre, laiton), en porcelaine, en bak\u00e9lite, en ivoire, etc\u2026 Il est apparu 5 000 ans avant\u2026","rel":"","context":"Article similaire","img":{"alt_text":"","src":"https:\/\/i0.wp.com\/fort-mahon-plage-collections.com\/wp-content\/uploads\/2020\/04\/20200413_180227-scaled.jpg?resize=350%2C200&ssl=1","width":350,"height":200},"classes":[]},{"id":182,"url":"https:\/\/fort-mahon-plage-collections.com\/index.php\/les-collections\/les-medailles\/","url_meta":{"origin":1260,"position":5},"title":"Les M\u00e9dailles de Fort-Mahon-Plage","date":"13 avril 2017","format":false,"excerpt":"\u00a0Depuis des d\u00e9cennies, Fort-Mahon-Plage, ville tr\u00e8s touristique, a vu de nombreux cadeaux souvenirs se r\u00e9aliser. Les M\u00e9dailles, objets plus r\u00e9cents,\u00a0 en font partie et voici quelques mod\u00e8les \u00e0 l'effigie de Fort-Mahon-Plage . Dans les m\u00e9dailles touristiques, elles sont souvent de couleur '' or '' et mesurent 34mm de diam\u00e8tre. En\u2026","rel":"","context":"Article similaire","img":{"alt_text":"","src":"https:\/\/i0.wp.com\/fort-mahon-plage-collections.com\/wp-content\/uploads\/2020\/06\/20200529_130525-scaled.jpg?resize=350%2C200&ssl=1","width":350,"height":200},"classes":[]}],"_links":{"self":[{"href":"https:\/\/fort-mahon-plage-collections.com\/index.php\/wp-json\/wp\/v2\/pages\/1260"}],"collection":[{"href":"https:\/\/fort-mahon-plage-collections.com\/index.php\/wp-json\/wp\/v2\/pages"}],"about":[{"href":"https:\/\/fort-mahon-plage-collections.com\/index.php\/wp-json\/wp\/v2\/types\/page"}],"author":[{"embeddable":true,"href":"https:\/\/fort-mahon-plage-collections.com\/index.php\/wp-json\/wp\/v2\/users\/1"}],"replies":[{"embeddable":true,"href":"https:\/\/fort-mahon-plage-collections.com\/index.php\/wp-json\/wp\/v2\/comments?post=1260"}],"version-history":[{"count":25,"href":"https:\/\/fort-mahon-plage-collections.com\/index.php\/wp-json\/wp\/v2\/pages\/1260\/revisions"}],"predecessor-version":[{"id":1584,"href":"https:\/\/fort-mahon-plage-collections.com\/index.php\/wp-json\/wp\/v2\/pages\/1260\/revisions\/1584"}],"wp:attachment":[{"href":"https:\/\/fort-mahon-plage-collections.com\/index.php\/wp-json\/wp\/v2\/media?parent=1260"}],"curies":[{"name":"wp","href":"https:\/\/api.w.org\/{rel}","templated":true}]}}